{"id":25736,"date":"2026-02-11T12:37:53","date_gmt":"2026-02-11T12:37:53","guid":{"rendered":"https:\/\/juliastyle.com\/%d8%a7%d9%84%d8%b4%d8%b1%d9%88%d8%b7-%d9%88%d8%a7%d9%84%d8%a3%d8%ad%d9%83%d8%a7%d9%85-%d8%a7%d9%84%d8%ae%d8%a7%d8%b5%d8%a9-%d8%a8%d8%a7%d9%84%d8%ae%d8%af%d9%85%d8%a9\/"},"modified":"2026-03-05T14:18:53","modified_gmt":"2026-03-05T14:18:53","slug":"%d8%a7%d9%84%d8%b4%d8%b1%d9%88%d8%b7-%d9%88%d8%a7%d9%84%d8%a3%d8%ad%d9%83%d8%a7%d9%85-%d8%a7%d9%84%d8%ae%d8%a7%d8%b5%d8%a9-%d8%a8%d8%a7%d9%84%d8%ae%d8%af%d9%85%d8%a9","status":"publish","type":"page","link":"https:\/\/juliastyle.com\/ar\/%d8%a7%d9%84%d8%b4%d8%b1%d9%88%d8%b7-%d9%88%d8%a7%d9%84%d8%a3%d8%ad%d9%83%d8%a7%d9%85-%d8%a7%d9%84%d8%ae%d8%a7%d8%b5%d8%a9-%d8%a8%d8%a7%d9%84%d8%ae%d8%af%d9%85%d8%a9\/","title":{"rendered":"\u0627\u0644\u0634\u0631\u0648\u0637 \u0648\u0627\u0644\u0623\u062d\u0643\u0627\u0645 \u0627\u0644\u062e\u0627\u0635\u0629 \u0628\u0627\u0644\u062e\u062f\u0645\u0629"},"content":{"rendered":"\t\t<div data-elementor-type=\"wp-page\" data-elementor-id=\"25736\" class=\"elementor elementor-25736 elementor-24717\" data-elementor-post-type=\"page\">\n\t\t\t\t<div class=\"elementor-element elementor-element-2760b27a e-flex e-con-boxed wpr-particle-no wpr-jarallax-no wpr-parallax-no wpr-sticky-section-no e-con e-parent\" data-id=\"2760b27a\" data-element_type=\"container\" data-e-type=\"container\">\n\t\t\t\t\t<div class=\"e-con-inner\">\n\t\t\t\t<div class=\"elementor-element elementor-element-de2590a elementor-widget__width-auto elementor-widget elementor-widget-text-editor\" data-id=\"de2590a\" data-element_type=\"widget\" data-e-type=\"widget\" data-widget_type=\"text-editor.default\">\n\t\t\t\t\t\t\t\t\t<h5>\u0622\u062e\u0631 \u062a\u062d\u062f\u064a\u062b: 11\/02\/2026<\/h5>\t\t\t\t\t\t\t\t<\/div>\n\t\t\t\t<div class=\"elementor-element elementor-element-2216f706 elementor-widget elementor-widget-text-editor\" data-id=\"2216f706\" data-element_type=\"widget\" data-e-type=\"widget\" data-widget_type=\"text-editor.default\">\n\t\t\t\t\t\t\t\t\t<p><strong>\u0645\u0642\u062f\u0645\u0629 \u0648\u0645\u0639\u0644\u0648\u0645\u0627\u062a \u0627\u0644\u0634\u0631\u0643\u0629<\/strong><\/p>\n<p>\u0645\u0631\u062d\u0628\u064b\u0627 \u0628\u0643\u0645 \u0641\u064a <strong>\u062c\u0648\u0644\u064a\u0627 \u0633\u062a\u0627\u064a\u0644<\/strong> (https:\/\/juliastyle.com). \u062a\u062d\u0643\u0645 \u0647\u0630\u0647 \u0627\u0644\u0634\u0631\u0648\u0637 \u0648\u0627\u0644\u0623\u062d\u0643\u0627\u0645 \u0648\u0635\u0648\u0644\u0643\u0645 \u0625\u0644\u0649 \u0627\u0644\u0645\u0648\u0642\u0639 \u0627\u0644\u0625\u0644\u0643\u062a\u0631\u0648\u0646\u064a \u0648\u0627\u0633\u062a\u062e\u062f\u0627\u0645\u0643\u0645 \u0644\u0647. <strong>\u062c\u0648\u0644\u064a\u0627 \u0633\u062a\u0627\u064a\u0644<\/strong> \u0639\u0644\u0627\u0645\u0629 \u062a\u062c\u0627\u0631\u064a\u0629 \u0645\u0645\u0644\u0648\u0643\u0629 \u0648\u0645\u064f\u062f\u0627\u0631\u0629 \u0645\u0646 \u0642\u0650\u0628\u0644:<\/p>\n<ul>\n<li>\n<p><strong>\u0627\u0633\u0645 \u0627\u0644\u0634\u0631\u0643\u0629:<\/strong> ZEYNA GROUP DI\u015e T\u0130CARET ANON\u0130M \u015e\u0130RKET\u0130<\/p>\n<\/li>\n<li>\n<p><strong>\u0627\u0644\u0639\u0646\u0648\u0627\u0646 \u0627\u0644\u0645\u0633\u062c\u0644:<\/strong> Nam\u0131k Kemal, 121. Sk. No:26, Esenyurt \/ \u0625\u0633\u0637\u0646\u0628\u0648\u0644\u060c \u062a\u0631\u0643\u064a\u0627<\/p>\n<\/li>\n<li>\n<p><strong>\u0627\u0644\u0628\u0631\u064a\u062f \u0627\u0644\u0625\u0644\u0643\u062a\u0631\u0648\u0646\u064a \u0644\u0644\u062a\u0648\u0627\u0635\u0644:<\/strong> info@zeynagroup.com | support@juliastyle.com<\/p>\n<\/li>\n<\/ul>\n<p><strong>\u0627\u0644\u062a\u0627\u062c\u0631 \u0627\u0644\u0645\u0633\u062c\u0644<\/strong><\/p>\n<p>\u062a\u0639\u0645\u0644 <strong>2Checkout (Verifone)<\/strong> \u0628\u0635\u0641\u062a\u0647\u0627 \u0645\u0648\u0632\u0639\u0646\u0627 \u0627\u0644\u0645\u0639\u062a\u0645\u062f \u0648<strong>\u0627\u0644\u062a\u0627\u062c\u0631 \u0627\u0644\u0645\u0633\u062c\u0644<\/strong> \u0644\u0637\u0644\u0628\u0627\u062a\u0643\u0645. \u0648\u0647\u0630\u0627 \u064a\u0639\u0646\u064a: <\/p>\n<ul>\n<li>\n<p>\u062a\u062a\u0645 \u0645\u0639\u0627\u0644\u062c\u0629 \u062f\u0641\u0639\u062a\u0643\u0645 \u0628\u0634\u0643\u0644 \u0622\u0645\u0646 \u0645\u0646 \u0642\u0650\u0628\u0644 2Checkout.<\/p>\n<\/li>\n<li>\n<p>\u0633\u064a\u0638\u0647\u0631 \u0641\u064a \u0643\u0634\u0641 \u062d\u0633\u0627\u0628 \u0628\u0637\u0627\u0642\u062a\u0643\u0645 \u0627\u0644\u0627\u0626\u062a\u0645\u0627\u0646\u064a\u0629 \u0631\u0633\u0645 \u0645\u0646 <strong>2co.com<\/strong> \u0623\u0648 <strong>2Checkout<\/strong>.<\/p>\n<\/li>\n<li>\n<p>2Checkout \u0645\u0633\u0624\u0648\u0644\u0629 \u0639\u0646 \u0645\u0639\u0627\u0644\u062c\u0629 \u0627\u0644\u0646\u0632\u0627\u0639\u0627\u062a \u0627\u0644\u0645\u062a\u0639\u0644\u0642\u0629 \u0628\u0627\u0644\u062f\u0641\u0639 \u0648\u0627\u0633\u062a\u0631\u062f\u0627\u062f \u0627\u0644\u0645\u0628\u0627\u0644\u063a \u0627\u0644\u0645\u062f\u0641\u0648\u0639\u0629.<\/p>\n<\/li>\n<\/ul>\n<p><strong>\u0627\u0644\u0623\u0647\u0644\u064a\u0629<\/strong><\/p>\n<p>\u0628\u0627\u0633\u062a\u062e\u062f\u0627\u0645\u0643\u0645 \u0644\u0645\u0648\u0642\u0639\u0646\u0627\u060c \u0641\u0625\u0646\u0643\u0645 \u062a\u0642\u0631\u0648\u0646 \u0628\u0623\u0646\u0643\u0645 \u0628\u0644\u063a\u062a\u0645 \u0633\u0646 \u0627\u0644\u0631\u0634\u062f \u0639\u0644\u0649 \u0627\u0644\u0623\u0642\u0644 \u0641\u064a \u0648\u0644\u0627\u064a\u062a\u0643\u0645 \u0623\u0648 \u0645\u0642\u0627\u0637\u0639\u062a\u0643\u0645. \u0625\u0630\u0627 \u0643\u0646\u062a\u0645 \u062f\u0648\u0646 \u0647\u0630\u0627 \u0627\u0644\u0633\u0646\u060c \u064a\u0645\u0643\u0646\u0643\u0645 \u0627\u0633\u062a\u062e\u062f\u0627\u0645 \u0647\u0630\u0627 \u0627\u0644\u0645\u0648\u0642\u0639 \u0641\u0642\u0637 \u062a\u062d\u062a \u0625\u0634\u0631\u0627\u0641 \u0623\u062d\u062f \u0627\u0644\u0648\u0627\u0644\u062f\u064a\u0646 \u0623\u0648 \u0627\u0644\u0648\u0635\u064a. <\/p>\n<p><strong>\u062f\u0642\u0629 \u0627\u0644\u0645\u0646\u062a\u062c \u0648\u0627\u0644\u062a\u0633\u0639\u064a\u0631<\/strong><\/p>\n<p>\u0646\u0633\u0639\u0649 \u062c\u0627\u0647\u062f\u064a\u0646 \u0644\u0639\u0631\u0636 \u0623\u0644\u0648\u0627\u0646 \u0645\u0646\u062a\u062c\u0627\u062a\u0646\u0627 \u0648\u062a\u0641\u0627\u0635\u064a\u0644\u0647\u0627 \u0628\u0623\u0643\u0628\u0631 \u0642\u062f\u0631 \u0645\u0645\u0643\u0646 \u0645\u0646 \u0627\u0644\u062f\u0642\u0629. \u0648\u0645\u0639 \u0630\u0644\u0643\u060c \u0644\u0627 \u064a\u0645\u0643\u0646\u0646\u0627 \u0636\u0645\u0627\u0646 \u062f\u0642\u0629 \u0639\u0631\u0636 \u0634\u0627\u0634\u062a\u0643\u0645 \u0644\u0623\u064a \u0644\u0648\u0646. <\/p>\n<ul>\n<li>\n<p><strong>\u0627\u0644\u062a\u0633\u0639\u064a\u0631:<\/strong> \u0627\u0644\u0623\u0633\u0639\u0627\u0631 \u0642\u0627\u0628\u0644\u0629 \u0644\u0644\u062a\u063a\u064a\u064a\u0631 \u062f\u0648\u0646 \u0625\u0634\u0639\u0627\u0631 \u0645\u0633\u0628\u0642. \u0646\u062d\u062f\u062f \u0639\u0645\u0644\u0629 \u0627\u0644\u0641\u0648\u062a\u0631\u0629 \u0639\u0646\u062f \u0625\u062a\u0645\u0627\u0645 \u0627\u0644\u0637\u0644\u0628. <\/p>\n<\/li>\n<li>\n<p><strong>\u0627\u0644\u0623\u062e\u0637\u0627\u0621:<\/strong> \u0646\u062d\u062a\u0641\u0638 \u0628\u0627\u0644\u062d\u0642 \u0641\u064a \u062a\u0635\u062d\u064a\u062d \u0623\u064a \u0623\u062e\u0637\u0627\u0621 \u0623\u0648 \u0639\u062f\u0645 \u062f\u0642\u0629 \u0648\u0625\u0644\u063a\u0627\u0621 \u0627\u0644\u0637\u0644\u0628\u0627\u062a \u0625\u0630\u0627 \u0643\u0627\u0646\u062a \u0623\u064a \u0645\u0639\u0644\u0648\u0645\u0627\u062a \u063a\u064a\u0631 \u062f\u0642\u064a\u0642\u0629 \u0641\u064a \u0623\u064a \u0648\u0642\u062a (\u0628\u0645\u0627 \u0641\u064a \u0630\u0644\u0643 \u0628\u0639\u062f \u062a\u0642\u062f\u064a\u0645\u0643\u0645 \u0644\u0644\u0637\u0644\u0628).<\/p>\n<\/li>\n<\/ul>\n<p><strong>\u0627\u0644\u0645\u0644\u0643\u064a\u0629 \u0627\u0644\u0641\u0643\u0631\u064a\u0629<\/strong><\/p>\n<p>\u062c\u0645\u064a\u0639 \u0627\u0644\u0645\u062d\u062a\u0648\u064a\u0627\u062a \u0627\u0644\u0645\u062a\u0636\u0645\u0646\u0629 \u0641\u064a \u0647\u0630\u0627 \u0627\u0644\u0645\u0648\u0642\u0639\u060c \u0645\u062b\u0644 \u0627\u0644\u0646\u0635\u0648\u0635 \u0648\u0627\u0644\u0631\u0633\u0648\u0645\u0627\u062a \u0648\u0627\u0644\u0634\u0639\u0627\u0631\u0627\u062a \u0648\u0623\u064a\u0642\u0648\u0646\u0627\u062a \u0627\u0644\u0623\u0632\u0631\u0627\u0631 \u0648\u0627\u0644\u0635\u0648\u0631 \u0648\u0627\u0644\u0628\u0631\u0627\u0645\u062c\u060c \u0647\u064a \u0645\u0644\u0643 \u0644\u0640 <strong>ZEYNA GROUP<\/strong> \u0623\u0648 \u0645\u0648\u0631\u062f\u064a \u0645\u062d\u062a\u0648\u0627\u0647\u0627 \u0648\u0645\u062d\u0645\u064a\u0629 \u0628\u0645\u0648\u062c\u0628 \u0642\u0648\u0627\u0646\u064a\u0646 \u062d\u0642\u0648\u0642 \u0627\u0644\u0646\u0634\u0631 \u0627\u0644\u062f\u0648\u0644\u064a\u0629. \u0644\u0627 \u064a\u062c\u0648\u0632 \u0644\u0643\u0645 \u0627\u0633\u062a\u062e\u062f\u0627\u0645 \u0639\u0644\u0627\u0645\u0627\u062a\u0646\u0627 \u0627\u0644\u062a\u062c\u0627\u0631\u064a\u0629 \u062f\u0648\u0646 \u0625\u0630\u0646 \u0643\u062a\u0627\u0628\u064a \u0635\u0631\u064a\u062d. <\/p>\n<p><strong>\u0627\u0644\u0627\u0633\u062a\u062e\u062f\u0627\u0645\u0627\u062a \u0627\u0644\u0645\u062d\u0638\u0648\u0631\u0629<\/strong><\/p>\n<p>\u064a\u064f\u062d\u0638\u0631 \u0639\u0644\u064a\u0643\u0645 \u0627\u0633\u062a\u062e\u062f\u0627\u0645 \u0627\u0644\u0645\u0648\u0642\u0639: (\u0623) \u0644\u0623\u064a \u063a\u0631\u0636 \u063a\u064a\u0631 \u0642\u0627\u0646\u0648\u0646\u064a\u061b (\u0628) \u0644\u062d\u062b \u0627\u0644\u0622\u062e\u0631\u064a\u0646 \u0639\u0644\u0649 \u0627\u0644\u0642\u064a\u0627\u0645 \u0628\u0623\u0639\u0645\u0627\u0644 \u063a\u064a\u0631 \u0642\u0627\u0646\u0648\u0646\u064a\u0629\u061b (\u062c) \u0644\u0644\u062a\u0639\u062f\u064a \u0639\u0644\u0649 \u062d\u0642\u0648\u0642 \u0627\u0644\u0645\u0644\u0643\u064a\u0629 \u0627\u0644\u0641\u0643\u0631\u064a\u0629 \u0627\u0644\u062e\u0627\u0635\u0629 \u0628\u0646\u0627\u061b (\u062f) \u0644\u062a\u062d\u0645\u064a\u0644 \u0623\u0648 \u0646\u0642\u0644 \u0641\u064a\u0631\u0648\u0633\u0627\u062a \u0623\u0648 \u0623\u0643\u0648\u0627\u062f \u0636\u0627\u0631\u0629.    <\/p>\n<p><strong>\u0627\u0644\u0642\u0627\u0646\u0648\u0646 \u0627\u0644\u062d\u0627\u0643\u0645<\/strong><\/p>\n<p>\u062a\u062e\u0636\u0639 \u0634\u0631\u0648\u0637 \u0627\u0644\u062e\u062f\u0645\u0629 \u0647\u0630\u0647 \u0648\u0623\u064a \u0627\u062a\u0641\u0627\u0642\u064a\u0627\u062a \u0645\u0646\u0641\u0635\u0644\u0629 \u0646\u0642\u062f\u0645 \u0644\u0643\u0645 \u0628\u0645\u0648\u062c\u0628\u0647\u0627 \u0627\u0644\u062e\u062f\u0645\u0627\u062a \u0644\u0644\u0642\u0648\u0627\u0646\u064a\u0646 \u0627\u0644\u0645\u0639\u0645\u0648\u0644 \u0628\u0647\u0627 \u0641\u064a <strong>\u062a\u0631\u0643\u064a\u0627<\/strong> \u0648\u064a\u062a\u0645 \u062a\u0641\u0633\u064a\u0631\u0647\u0627 \u0648\u0641\u0642\u064b\u0627 \u0644\u0647\u0627.<\/p>\n<p> <\/p>\t\t\t\t\t\t\t\t<\/div>\n\t\t\t\t\t<\/div>\n\t\t\t\t<\/div>\n\t\t\t\t<\/div>\n\t\t","protected":false},"excerpt":{"rendered":"<p>\u0622\u062e\u0631 \u062a\u062d\u062f\u064a\u062b: 11\/02\/2026 \u0645\u0642\u062f\u0645\u0629 \u0648\u0645\u0639\u0644\u0648\u0645\u0627\u062a \u0627\u0644\u0634\u0631\u0643\u0629 \u0645\u0631\u062d\u0628\u064b\u0627 \u0628\u0643\u0645 \u0641\u064a \u062c\u0648\u0644\u064a\u0627 \u0633\u062a\u0627\u064a\u0644 (https:\/\/juliastyle.com). \u062a\u062d\u0643\u0645 \u0647\u0630\u0647 \u0627\u0644\u0634\u0631\u0648\u0637 \u0648\u0627\u0644\u0623\u062d\u0643\u0627\u0645 \u0648\u0635\u0648\u0644\u0643\u0645 \u0625\u0644\u0649 \u0627\u0644\u0645\u0648\u0642\u0639 \u0627\u0644\u0625\u0644\u0643\u062a\u0631\u0648\u0646\u064a \u0648\u0627\u0633\u062a\u062e\u062f\u0627\u0645\u0643\u0645 \u0644\u0647. \u062c\u0648\u0644\u064a\u0627 \u0633\u062a\u0627\u064a\u0644 \u0639\u0644\u0627\u0645\u0629 \u062a\u062c\u0627\u0631\u064a\u0629 \u0645\u0645\u0644\u0648\u0643\u0629 \u0648\u0645\u064f\u062f\u0627\u0631\u0629 \u0645\u0646 \u0642\u0650\u0628\u0644: \u0627\u0633\u0645 \u0627\u0644\u0634\u0631\u0643\u0629: ZEYNA GROUP DI\u015e T\u0130CARET ANON\u0130M \u015e\u0130RKET\u0130 \u0627\u0644\u0639\u0646\u0648\u0627\u0646 \u0627\u0644\u0645\u0633\u062c\u0644: &hellip; <a href=\"https:\/\/juliastyle.com\/ar\/%d8%a7%d9%84%d8%b4%d8%b1%d9%88%d8%b7-%d9%88%d8%a7%d9%84%d8%a3%d8%ad%d9%83%d8%a7%d9%85-%d8%a7%d9%84%d8%ae%d8%a7%d8%b5%d8%a9-%d8%a8%d8%a7%d9%84%d8%ae%d8%af%d9%85%d8%a9\/\">Readmore<\/a><\/p>\n","protected":false},"author":1,"featured_media":0,"parent":0,"menu_order":0,"comment_status":"closed","ping_status":"closed","template":"","meta":{"footnotes":""},"class_list":["post-25736","page","type-page","status-publish","hentry"],"_hostinger_reach_plugin_has_subscription_block":false,"_hostinger_reach_plugin_is_elementor":false,"_links":{"self":[{"href":"https:\/\/juliastyle.com\/ar\/wp-json\/wp\/v2\/pages\/25736","targetHints":{"allow":["GET"]}}],"collection":[{"href":"https:\/\/juliastyle.com\/ar\/wp-json\/wp\/v2\/pages"}],"about":[{"href":"https:\/\/juliastyle.com\/ar\/wp-json\/wp\/v2\/types\/page"}],"author":[{"embeddable":true,"href":"https:\/\/juliastyle.com\/ar\/wp-json\/wp\/v2\/users\/1"}],"replies":[{"embeddable":true,"href":"https:\/\/juliastyle.com\/ar\/wp-json\/wp\/v2\/comments?post=25736"}],"version-history":[{"count":1,"href":"https:\/\/juliastyle.com\/ar\/wp-json\/wp\/v2\/pages\/25736\/revisions"}],"predecessor-version":[{"id":25737,"href":"https:\/\/juliastyle.com\/ar\/wp-json\/wp\/v2\/pages\/25736\/revisions\/25737"}],"wp:attachment":[{"href":"https:\/\/juliastyle.com\/ar\/wp-json\/wp\/v2\/media?parent=25736"}],"curies":[{"name":"wp","href":"https:\/\/api.w.org\/{rel}","templated":true}]}}